{"id":1559,"date":"2025-02-18T14:15:56","date_gmt":"2025-02-18T11:15:56","guid":{"rendered":"https:\/\/skypoolelektronik.com\/?post_type=product&#038;p=1559"},"modified":"2025-02-21T16:26:19","modified_gmt":"2025-02-21T13:26:19","slug":"hortum-led","status":"publish","type":"product","link":"https:\/\/skypoolelektronik.com\/en\/urun\/hortum-led\/","title":{"rendered":"Hortum Led"},"content":{"rendered":"","protected":false},"excerpt":{"rendered":"\n<table id=\"tablepress-98\" class=\"tablepress tablepress-id-98\">\n<thead>\n<tr class=\"row-1\">\n\t<th class=\"column-1\"><strong>KOD<\/strong><\/th><th class=\"column-2\"><strong>\u00dcR\u00dcN\/PRODUCT SAMSUNG<\/strong><\/th><th class=\"column-3\"><strong>SPECIALTY<\/strong><\/th>\n<\/tr>\n<\/thead>\n<tbody class=\"row-striping row-hover\">\n<tr class=\"row-2\">\n\t<td class=\"column-1\">SKY400<\/td><td class=\"column-2\">SMD BEYAZ\/WHITE\t<\/td><td class=\"column-3\">DC 24V<\/td>\n<\/tr>\n<tr class=\"row-3\">\n\t<td class=\"column-1\">SKY401<\/td><td class=\"column-2\">SMD MAVI\/BLUE\t<\/td><td class=\"column-3\">DC 24V<\/td>\n<\/tr>\n<tr class=\"row-4\">\n\t<td class=\"column-1\">SKY402<\/td><td class=\"column-2\">SMD G\u00dcNI\u015eI\u011eI\/SUNRISE\t<\/td><td class=\"column-3\">DC 24V<\/td>\n<\/tr>\n<tr class=\"row-5\">\n\t<td class=\"column-1\">SKY403<\/td><td class=\"column-2\">SMD YE\u015e\u0130L\/GREEN\t<\/td><td class=\"column-3\">DC 24V<\/td>\n<\/tr>\n<tr class=\"row-6\">\n\t<td class=\"column-1\">SKY404<\/td><td class=\"column-2\">SMD KIRMIZ\/RED\t<\/td><td class=\"column-3\">DC 24V<\/td>\n<\/tr>\n<tr class=\"row-7\">\n\t<td class=\"column-1\">SKY405<\/td><td class=\"column-2\">SMD RGB (4 KABLOLU)\t<\/td><td class=\"column-3\">DC 24V<\/td>\n<\/tr>\n<tr class=\"row-8\">\n\t<td class=\"column-1\">SKY406<\/td><td class=\"column-2\">SMD AMBER<\/td><td class=\"column-3\">DC 24V<\/td>\n<\/tr>\n<\/tbody>\n<\/table>\n<!-- #tablepress-98 from cache -->\n","protected":false},"featured_media":1560,"template":"","meta":{"_joinchat":[]},"product_brand":[],"product_cat":[40],"product_tag":[],"class_list":{"0":"post-1559","1":"product","2":"type-product","3":"status-publish","4":"has-post-thumbnail","6":"product_cat-hortum-led","8":"first","9":"instock","10":"shipping-taxable","11":"product-type-simple"},"yoast_head":"<!-- This site is optimized with the Yoast SEO Premium plugin v25.2 (Yoast SEO v26.6) - https:\/\/yoast.com\/wordpress\/plugins\/seo\/ -->\n<title>Hortum Led - Skypool Elektronik<\/title>\n<meta name=\"robots\" content=\"index, follow, max-snippet:-1, max-image-preview:large, max-video-preview:-1\" \/>\n<link rel=\"canonical\" href=\"https:\/\/skypoolelektronik.com\/urun\/hortum-led\/\" \/>\n<meta property=\"og:locale\" content=\"en_US\" \/>\n<meta property=\"og:type\" content=\"article\" \/>\n<meta property=\"og:title\" content=\"Hortum Led\" \/>\n<meta property=\"og:url\" content=\"https:\/\/skypoolelektronik.com\/urun\/hortum-led\/\" \/>\n<meta property=\"og:site_name\" content=\"Skypool Elektronik\" \/>\n<meta property=\"article:modified_time\" content=\"2025-02-21T13:26:19+00:00\" \/>\n<meta property=\"og:image\" content=\"https:\/\/skypoolelektronik.com\/wp-content\/uploads\/hortum-led.jpg\" \/>\n\t<meta property=\"og:image:width\" content=\"750\" \/>\n\t<meta property=\"og:image:height\" content=\"750\" \/>\n\t<meta property=\"og:image:type\" content=\"image\/jpeg\" \/>\n<meta name=\"twitter:card\" content=\"summary_large_image\" \/>\n<meta name=\"twitter:description\" content=\"[table id=98 \/]\" \/>\n<script type=\"application\/ld+json\" class=\"yoast-schema-graph\">{\"@context\":\"https:\/\/schema.org\",\"@graph\":[{\"@type\":\"WebPage\",\"@id\":\"https:\/\/skypoolelektronik.com\/urun\/hortum-led\/\",\"url\":\"https:\/\/skypoolelektronik.com\/urun\/hortum-led\/\",\"name\":\"Hortum Led - Skypool Elektronik\",\"isPartOf\":{\"@id\":\"https:\/\/skypoolelektronik.com\/#website\"},\"primaryImageOfPage\":{\"@id\":\"https:\/\/skypoolelektronik.com\/urun\/hortum-led\/#primaryimage\"},\"image\":{\"@id\":\"https:\/\/skypoolelektronik.com\/urun\/hortum-led\/#primaryimage\"},\"thumbnailUrl\":\"https:\/\/skypoolelektronik.com\/wp-content\/uploads\/hortum-led.jpg\",\"datePublished\":\"2025-02-18T11:15:56+00:00\",\"dateModified\":\"2025-02-21T13:26:19+00:00\",\"breadcrumb\":{\"@id\":\"https:\/\/skypoolelektronik.com\/urun\/hortum-led\/#breadcrumb\"},\"inLanguage\":\"en-US\",\"potentialAction\":[{\"@type\":\"ReadAction\",\"target\":[\"https:\/\/skypoolelektronik.com\/urun\/hortum-led\/\"]}]},{\"@type\":\"ImageObject\",\"inLanguage\":\"en-US\",\"@id\":\"https:\/\/skypoolelektronik.com\/urun\/hortum-led\/#primaryimage\",\"url\":\"https:\/\/skypoolelektronik.com\/wp-content\/uploads\/hortum-led.jpg\",\"contentUrl\":\"https:\/\/skypoolelektronik.com\/wp-content\/uploads\/hortum-led.jpg\",\"width\":750,\"height\":750},{\"@type\":\"BreadcrumbList\",\"@id\":\"https:\/\/skypoolelektronik.com\/urun\/hortum-led\/#breadcrumb\",\"itemListElement\":[{\"@type\":\"ListItem\",\"position\":1,\"name\":\"Home\",\"item\":\"https:\/\/skypoolelektronik.com\/en\/\"},{\"@type\":\"ListItem\",\"position\":2,\"name\":\"\u00dcr\u00fcnler\",\"item\":\"https:\/\/skypoolelektronik.com\/urunler\/\"},{\"@type\":\"ListItem\",\"position\":3,\"name\":\"Hortum Led\"}]},{\"@type\":\"WebSite\",\"@id\":\"https:\/\/skypoolelektronik.com\/#website\",\"url\":\"https:\/\/skypoolelektronik.com\/\",\"name\":\"Skypool Elektronik\",\"description\":\"\",\"potentialAction\":[{\"@type\":\"SearchAction\",\"target\":{\"@type\":\"EntryPoint\",\"urlTemplate\":\"https:\/\/skypoolelektronik.com\/?s={search_term_string}\"},\"query-input\":{\"@type\":\"PropertyValueSpecification\",\"valueRequired\":true,\"valueName\":\"search_term_string\"}}],\"inLanguage\":\"en-US\"}]}<\/script>\n<!-- \/ Yoast SEO Premium plugin. -->","yoast_head_json":{"title":"Hortum Led - Skypool Elektronik","robots":{"index":"index","follow":"follow","max-snippet":"max-snippet:-1","max-image-preview":"max-image-preview:large","max-video-preview":"max-video-preview:-1"},"canonical":"https:\/\/skypoolelektronik.com\/urun\/hortum-led\/","og_locale":"en_US","og_type":"article","og_title":"Hortum Led","og_url":"https:\/\/skypoolelektronik.com\/urun\/hortum-led\/","og_site_name":"Skypool Elektronik","article_modified_time":"2025-02-21T13:26:19+00:00","og_image":[{"width":750,"height":750,"url":"https:\/\/skypoolelektronik.com\/wp-content\/uploads\/hortum-led.jpg","type":"image\/jpeg"}],"twitter_card":"summary_large_image","twitter_description":"[table id=98 \/]","schema":{"@context":"https:\/\/schema.org","@graph":[{"@type":"WebPage","@id":"https:\/\/skypoolelektronik.com\/urun\/hortum-led\/","url":"https:\/\/skypoolelektronik.com\/urun\/hortum-led\/","name":"Hortum Led - Skypool Elektronik","isPartOf":{"@id":"https:\/\/skypoolelektronik.com\/#website"},"primaryImageOfPage":{"@id":"https:\/\/skypoolelektronik.com\/urun\/hortum-led\/#primaryimage"},"image":{"@id":"https:\/\/skypoolelektronik.com\/urun\/hortum-led\/#primaryimage"},"thumbnailUrl":"https:\/\/skypoolelektronik.com\/wp-content\/uploads\/hortum-led.jpg","datePublished":"2025-02-18T11:15:56+00:00","dateModified":"2025-02-21T13:26:19+00:00","breadcrumb":{"@id":"https:\/\/skypoolelektronik.com\/urun\/hortum-led\/#breadcrumb"},"inLanguage":"en-US","potentialAction":[{"@type":"ReadAction","target":["https:\/\/skypoolelektronik.com\/urun\/hortum-led\/"]}]},{"@type":"ImageObject","inLanguage":"en-US","@id":"https:\/\/skypoolelektronik.com\/urun\/hortum-led\/#primaryimage","url":"https:\/\/skypoolelektronik.com\/wp-content\/uploads\/hortum-led.jpg","contentUrl":"https:\/\/skypoolelektronik.com\/wp-content\/uploads\/hortum-led.jpg","width":750,"height":750},{"@type":"BreadcrumbList","@id":"https:\/\/skypoolelektronik.com\/urun\/hortum-led\/#breadcrumb","itemListElement":[{"@type":"ListItem","position":1,"name":"Home","item":"https:\/\/skypoolelektronik.com\/en\/"},{"@type":"ListItem","position":2,"name":"\u00dcr\u00fcnler","item":"https:\/\/skypoolelektronik.com\/urunler\/"},{"@type":"ListItem","position":3,"name":"Hortum Led"}]},{"@type":"WebSite","@id":"https:\/\/skypoolelektronik.com\/#website","url":"https:\/\/skypoolelektronik.com\/","name":"Skypool Elektronik","description":"","potentialAction":[{"@type":"SearchAction","target":{"@type":"EntryPoint","urlTemplate":"https:\/\/skypoolelektronik.com\/?s={search_term_string}"},"query-input":{"@type":"PropertyValueSpecification","valueRequired":true,"valueName":"search_term_string"}}],"inLanguage":"en-US"}]}},"_links":{"self":[{"href":"https:\/\/skypoolelektronik.com\/en\/wp-json\/wp\/v2\/product\/1559","targetHints":{"allow":["GET"]}}],"collection":[{"href":"https:\/\/skypoolelektronik.com\/en\/wp-json\/wp\/v2\/product"}],"about":[{"href":"https:\/\/skypoolelektronik.com\/en\/wp-json\/wp\/v2\/types\/product"}],"wp:featuredmedia":[{"embeddable":true,"href":"https:\/\/skypoolelektronik.com\/en\/wp-json\/wp\/v2\/media\/1560"}],"wp:attachment":[{"href":"https:\/\/skypoolelektronik.com\/en\/wp-json\/wp\/v2\/media?parent=1559"}],"wp:term":[{"taxonomy":"product_brand","embeddable":true,"href":"https:\/\/skypoolelektronik.com\/en\/wp-json\/wp\/v2\/product_brand?post=1559"},{"taxonomy":"product_cat","embeddable":true,"href":"https:\/\/skypoolelektronik.com\/en\/wp-json\/wp\/v2\/product_cat?post=1559"},{"taxonomy":"product_tag","embeddable":true,"href":"https:\/\/skypoolelektronik.com\/en\/wp-json\/wp\/v2\/product_tag?post=1559"}],"curies":[{"name":"wp","href":"https:\/\/api.w.org\/{rel}","templated":true}]}}