{"id":1534,"date":"2025-02-18T10:56:11","date_gmt":"2025-02-18T07:56:11","guid":{"rendered":"https:\/\/skypoolelektronik.com\/?post_type=product&#038;p=1534"},"modified":"2025-02-18T11:05:58","modified_gmt":"2025-02-18T08:05:58","slug":"par-38-termoplastik-armatur-siyah","status":"publish","type":"product","link":"https:\/\/skypoolelektronik.com\/en\/urun\/par-38-termoplastik-armatur-siyah\/","title":{"rendered":"Par 38 Termoplastik Armat\u00fcr (Siyah)"},"content":{"rendered":"","protected":false},"excerpt":{"rendered":"<p class=\"p1\"><strong>TEKN\u0130K B\u0130LG\u0130LER<\/strong><\/p>\n<p class=\"p1\">\u2013 12 Volt DC<\/p>\n<p class=\"p1\">\u2013 IP 68 \u00d6zellikli<\/p>\n<p class=\"p1\">\u2013 9 Watt G\u00fc\u00e7<\/p>\n<p class=\"p1\">\u2013 Y\u00fcksek Verimli Power Led<\/p>\n<p class=\"p1\">\u2013 Ak\u0131m Kontrol \u00dcniteli<\/p>\n<p class=\"p1\">\u2013 Al\u00fcminyum Pcb<\/p>\n<p class=\"p1\">\u2013 2 ve 4 Kablo RGB Se\u00e7ene\u011fi<\/p>\n<p class=\"p1\">\u2013 Orijinal Elyaf Takviyeli Uv Katk\u0131l\u0131 Hammadde<\/p>\n<p class=\"p1\">\u2013 30 ve 60 Derece Lens Se\u00e7ene\u011fi<\/p>\n","protected":false},"featured_media":895,"template":"","meta":{"_joinchat":[]},"product_brand":[],"product_cat":[17],"product_tag":[],"class_list":{"0":"post-1534","1":"product","2":"type-product","3":"status-publish","4":"has-post-thumbnail","6":"product_cat-havuz-aydinlatmalari","8":"first","9":"instock","10":"shipping-taxable","11":"product-type-simple"},"yoast_head":"<!-- This site is optimized with the Yoast SEO Premium plugin v25.2 (Yoast SEO v26.6) - https:\/\/yoast.com\/wordpress\/plugins\/seo\/ -->\n<title>Par 38 Termoplastik Armat\u00fcr (Siyah) - Skypool Elektronik<\/title>\n<meta name=\"robots\" content=\"index, follow, max-snippet:-1, max-image-preview:large, max-video-preview:-1\" \/>\n<link rel=\"canonical\" href=\"https:\/\/skypoolelektronik.com\/urun\/par-38-termoplastik-armatur-siyah\/\" \/>\n<meta property=\"og:locale\" content=\"en_US\" \/>\n<meta property=\"og:type\" content=\"article\" \/>\n<meta property=\"og:title\" content=\"Par 38 Termoplastik Armat\u00fcr (Siyah)\" \/>\n<meta property=\"og:description\" content=\"TEKN\u0130K B\u0130LG\u0130LER \u2013 12 Volt DC \u2013 IP 68 \u00d6zellikli \u2013 9 Watt G\u00fc\u00e7 \u2013 Y\u00fcksek Verimli Power Led \u2013 Ak\u0131m Kontrol \u00dcniteli \u2013 Al\u00fcminyum Pcb \u2013 2 ve 4 Kablo RGB Se\u00e7ene\u011fi \u2013 Orijinal Elyaf Takviyeli Uv Katk\u0131l\u0131 Hammadde \u2013 30 ve 60 Derece Lens Se\u00e7ene\u011fi\" \/>\n<meta property=\"og:url\" content=\"https:\/\/skypoolelektronik.com\/urun\/par-38-termoplastik-armatur-siyah\/\" \/>\n<meta property=\"og:site_name\" content=\"Skypool Elektronik\" \/>\n<meta property=\"article:modified_time\" content=\"2025-02-18T08:05:58+00:00\" \/>\n<meta property=\"og:image\" content=\"https:\/\/skypoolelektronik.com\/wp-content\/uploads\/skypool-par38-armatur-termoplastik-siyah-v2.png\" \/>\n\t<meta property=\"og:image:width\" content=\"750\" \/>\n\t<meta property=\"og:image:height\" content=\"750\" \/>\n\t<meta property=\"og:image:type\" content=\"image\/png\" \/>\n<meta name=\"twitter:card\" content=\"summary_large_image\" \/>\n<script type=\"application\/ld+json\" class=\"yoast-schema-graph\">{\"@context\":\"https:\/\/schema.org\",\"@graph\":[{\"@type\":\"WebPage\",\"@id\":\"https:\/\/skypoolelektronik.com\/urun\/par-38-termoplastik-armatur-siyah\/\",\"url\":\"https:\/\/skypoolelektronik.com\/urun\/par-38-termoplastik-armatur-siyah\/\",\"name\":\"Par 38 Termoplastik Armat\u00fcr (Siyah) - Skypool Elektronik\",\"isPartOf\":{\"@id\":\"https:\/\/skypoolelektronik.com\/#website\"},\"primaryImageOfPage\":{\"@id\":\"https:\/\/skypoolelektronik.com\/urun\/par-38-termoplastik-armatur-siyah\/#primaryimage\"},\"image\":{\"@id\":\"https:\/\/skypoolelektronik.com\/urun\/par-38-termoplastik-armatur-siyah\/#primaryimage\"},\"thumbnailUrl\":\"https:\/\/skypoolelektronik.com\/wp-content\/uploads\/skypool-par38-armatur-termoplastik-siyah-v2.png\",\"datePublished\":\"2025-02-18T07:56:11+00:00\",\"dateModified\":\"2025-02-18T08:05:58+00:00\",\"breadcrumb\":{\"@id\":\"https:\/\/skypoolelektronik.com\/urun\/par-38-termoplastik-armatur-siyah\/#breadcrumb\"},\"inLanguage\":\"en-US\",\"potentialAction\":[{\"@type\":\"ReadAction\",\"target\":[\"https:\/\/skypoolelektronik.com\/urun\/par-38-termoplastik-armatur-siyah\/\"]}]},{\"@type\":\"ImageObject\",\"inLanguage\":\"en-US\",\"@id\":\"https:\/\/skypoolelektronik.com\/urun\/par-38-termoplastik-armatur-siyah\/#primaryimage\",\"url\":\"https:\/\/skypoolelektronik.com\/wp-content\/uploads\/skypool-par38-armatur-termoplastik-siyah-v2.png\",\"contentUrl\":\"https:\/\/skypoolelektronik.com\/wp-content\/uploads\/skypool-par38-armatur-termoplastik-siyah-v2.png\",\"width\":750,\"height\":750},{\"@type\":\"BreadcrumbList\",\"@id\":\"https:\/\/skypoolelektronik.com\/urun\/par-38-termoplastik-armatur-siyah\/#breadcrumb\",\"itemListElement\":[{\"@type\":\"ListItem\",\"position\":1,\"name\":\"Home\",\"item\":\"https:\/\/skypoolelektronik.com\/en\/\"},{\"@type\":\"ListItem\",\"position\":2,\"name\":\"\u00dcr\u00fcnler\",\"item\":\"https:\/\/skypoolelektronik.com\/urunler\/\"},{\"@type\":\"ListItem\",\"position\":3,\"name\":\"Par 38 Termoplastik Armat\u00fcr (Siyah)\"}]},{\"@type\":\"WebSite\",\"@id\":\"https:\/\/skypoolelektronik.com\/#website\",\"url\":\"https:\/\/skypoolelektronik.com\/\",\"name\":\"Skypool Elektronik\",\"description\":\"\",\"potentialAction\":[{\"@type\":\"SearchAction\",\"target\":{\"@type\":\"EntryPoint\",\"urlTemplate\":\"https:\/\/skypoolelektronik.com\/?s={search_term_string}\"},\"query-input\":{\"@type\":\"PropertyValueSpecification\",\"valueRequired\":true,\"valueName\":\"search_term_string\"}}],\"inLanguage\":\"en-US\"}]}<\/script>\n<!-- \/ Yoast SEO Premium plugin. -->","yoast_head_json":{"title":"Par 38 Termoplastik Armat\u00fcr (Siyah) - Skypool Elektronik","robots":{"index":"index","follow":"follow","max-snippet":"max-snippet:-1","max-image-preview":"max-image-preview:large","max-video-preview":"max-video-preview:-1"},"canonical":"https:\/\/skypoolelektronik.com\/urun\/par-38-termoplastik-armatur-siyah\/","og_locale":"en_US","og_type":"article","og_title":"Par 38 Termoplastik Armat\u00fcr (Siyah)","og_description":"TEKN\u0130K B\u0130LG\u0130LER \u2013 12 Volt DC \u2013 IP 68 \u00d6zellikli \u2013 9 Watt G\u00fc\u00e7 \u2013 Y\u00fcksek Verimli Power Led \u2013 Ak\u0131m Kontrol \u00dcniteli \u2013 Al\u00fcminyum Pcb \u2013 2 ve 4 Kablo RGB Se\u00e7ene\u011fi \u2013 Orijinal Elyaf Takviyeli Uv Katk\u0131l\u0131 Hammadde \u2013 30 ve 60 Derece Lens Se\u00e7ene\u011fi","og_url":"https:\/\/skypoolelektronik.com\/urun\/par-38-termoplastik-armatur-siyah\/","og_site_name":"Skypool Elektronik","article_modified_time":"2025-02-18T08:05:58+00:00","og_image":[{"width":750,"height":750,"url":"https:\/\/skypoolelektronik.com\/wp-content\/uploads\/skypool-par38-armatur-termoplastik-siyah-v2.png","type":"image\/png"}],"twitter_card":"summary_large_image","schema":{"@context":"https:\/\/schema.org","@graph":[{"@type":"WebPage","@id":"https:\/\/skypoolelektronik.com\/urun\/par-38-termoplastik-armatur-siyah\/","url":"https:\/\/skypoolelektronik.com\/urun\/par-38-termoplastik-armatur-siyah\/","name":"Par 38 Termoplastik Armat\u00fcr (Siyah) - Skypool Elektronik","isPartOf":{"@id":"https:\/\/skypoolelektronik.com\/#website"},"primaryImageOfPage":{"@id":"https:\/\/skypoolelektronik.com\/urun\/par-38-termoplastik-armatur-siyah\/#primaryimage"},"image":{"@id":"https:\/\/skypoolelektronik.com\/urun\/par-38-termoplastik-armatur-siyah\/#primaryimage"},"thumbnailUrl":"https:\/\/skypoolelektronik.com\/wp-content\/uploads\/skypool-par38-armatur-termoplastik-siyah-v2.png","datePublished":"2025-02-18T07:56:11+00:00","dateModified":"2025-02-18T08:05:58+00:00","breadcrumb":{"@id":"https:\/\/skypoolelektronik.com\/urun\/par-38-termoplastik-armatur-siyah\/#breadcrumb"},"inLanguage":"en-US","potentialAction":[{"@type":"ReadAction","target":["https:\/\/skypoolelektronik.com\/urun\/par-38-termoplastik-armatur-siyah\/"]}]},{"@type":"ImageObject","inLanguage":"en-US","@id":"https:\/\/skypoolelektronik.com\/urun\/par-38-termoplastik-armatur-siyah\/#primaryimage","url":"https:\/\/skypoolelektronik.com\/wp-content\/uploads\/skypool-par38-armatur-termoplastik-siyah-v2.png","contentUrl":"https:\/\/skypoolelektronik.com\/wp-content\/uploads\/skypool-par38-armatur-termoplastik-siyah-v2.png","width":750,"height":750},{"@type":"BreadcrumbList","@id":"https:\/\/skypoolelektronik.com\/urun\/par-38-termoplastik-armatur-siyah\/#breadcrumb","itemListElement":[{"@type":"ListItem","position":1,"name":"Home","item":"https:\/\/skypoolelektronik.com\/en\/"},{"@type":"ListItem","position":2,"name":"\u00dcr\u00fcnler","item":"https:\/\/skypoolelektronik.com\/urunler\/"},{"@type":"ListItem","position":3,"name":"Par 38 Termoplastik Armat\u00fcr (Siyah)"}]},{"@type":"WebSite","@id":"https:\/\/skypoolelektronik.com\/#website","url":"https:\/\/skypoolelektronik.com\/","name":"Skypool Elektronik","description":"","potentialAction":[{"@type":"SearchAction","target":{"@type":"EntryPoint","urlTemplate":"https:\/\/skypoolelektronik.com\/?s={search_term_string}"},"query-input":{"@type":"PropertyValueSpecification","valueRequired":true,"valueName":"search_term_string"}}],"inLanguage":"en-US"}]}},"_links":{"self":[{"href":"https:\/\/skypoolelektronik.com\/en\/wp-json\/wp\/v2\/product\/1534","targetHints":{"allow":["GET"]}}],"collection":[{"href":"https:\/\/skypoolelektronik.com\/en\/wp-json\/wp\/v2\/product"}],"about":[{"href":"https:\/\/skypoolelektronik.com\/en\/wp-json\/wp\/v2\/types\/product"}],"wp:featuredmedia":[{"embeddable":true,"href":"https:\/\/skypoolelektronik.com\/en\/wp-json\/wp\/v2\/media\/895"}],"wp:attachment":[{"href":"https:\/\/skypoolelektronik.com\/en\/wp-json\/wp\/v2\/media?parent=1534"}],"wp:term":[{"taxonomy":"product_brand","embeddable":true,"href":"https:\/\/skypoolelektronik.com\/en\/wp-json\/wp\/v2\/product_brand?post=1534"},{"taxonomy":"product_cat","embeddable":true,"href":"https:\/\/skypoolelektronik.com\/en\/wp-json\/wp\/v2\/product_cat?post=1534"},{"taxonomy":"product_tag","embeddable":true,"href":"https:\/\/skypoolelektronik.com\/en\/wp-json\/wp\/v2\/product_tag?post=1534"}],"curies":[{"name":"wp","href":"https:\/\/api.w.org\/{rel}","templated":true}]}}