{"id":109,"date":"2022-12-27T09:16:01","date_gmt":"2022-12-27T09:16:01","guid":{"rendered":"https:\/\/skypoolelektronik.com\/ek\/?post_type=product&#038;p=109"},"modified":"2025-02-10T16:14:53","modified_gmt":"2025-02-10T13:14:53","slug":"slim-flat-275-cm-cap-33-mm-yukseklik","status":"publish","type":"product","link":"https:\/\/skypoolelektronik.com\/en\/urun\/slim-flat-275-cm-cap-33-mm-yukseklik\/","title":{"rendered":"SS Slim Flat (SIVA \u00dcST\u00dc)(27,5 cm \u00c7ap 33 mm Y\u00fckseklik)"},"content":{"rendered":"","protected":false},"excerpt":{"rendered":"<p class=\"p1\"><strong>TEKN\u0130K B\u0130LG\u0130LER<\/strong><\/p>\n<p class=\"p1\">&#8211; 12 Volt 30-36 Ve 44 Watt G\u00fc\u00e7<\/p>\n<p class=\"p1\">&#8211; IP 68 \u00d6zellikli<\/p>\n<p class=\"p1\">&#8211; Y\u00fcksek \u0130letkenli Al\u00fcminyum Pcb<\/p>\n<p class=\"p1\">&#8211; Ak\u0131m Kontrol \u00dcniteli<\/p>\n<p class=\"p1\">&#8211; 90 Ve 108 Adet Samsung Smd Led<\/p>\n<p class=\"p1\">&#8211; Ekten Su Almaya Kar\u015f\u0131 \u0130la\u00e7 Kullanarak S\u0131zd\u0131rmazl\u0131k Sa\u011flanm\u0131\u015ft\u0131r.<\/p>\n<p class=\"p1\">&#8211; 2,4 Ve 5 Kablo Rgb Se\u00e7ene\u011fi<\/p>\n<p class=\"p1\">&#8211; 2 Mt Kablo Uzunlu\u011fu<\/p>\n<p class=\"p1\">&#8211; Vida Aksam\u0131 316 Paslanmaz<\/p>\n","protected":false},"featured_media":876,"template":"","meta":{"_joinchat":[]},"product_brand":[],"product_cat":[17],"product_tag":[],"class_list":{"0":"post-109","1":"product","2":"type-product","3":"status-publish","4":"has-post-thumbnail","6":"product_cat-havuz-aydinlatmalari","8":"first","9":"instock","10":"shipping-taxable","11":"product-type-simple"},"yoast_head":"<!-- This site is optimized with the Yoast SEO Premium plugin v25.2 (Yoast SEO v26.6) - https:\/\/yoast.com\/wordpress\/plugins\/seo\/ -->\n<title>SS Slim Flat (SIVA \u00dcST\u00dc)(27,5 cm \u00c7ap 33 mm Y\u00fckseklik) - Skypool Elektronik<\/title>\n<meta name=\"robots\" content=\"index, follow, max-snippet:-1, max-image-preview:large, max-video-preview:-1\" \/>\n<link rel=\"canonical\" href=\"https:\/\/skypoolelektronik.com\/urun\/slim-flat-275-cm-cap-33-mm-yukseklik\/\" \/>\n<meta property=\"og:locale\" content=\"en_US\" \/>\n<meta property=\"og:type\" content=\"article\" \/>\n<meta property=\"og:title\" content=\"SS Slim Flat (SIVA \u00dcST\u00dc)(27,5 cm \u00c7ap 33 mm Y\u00fckseklik)\" \/>\n<meta property=\"og:description\" content=\"TEKN\u0130K B\u0130LG\u0130LER - 12 Volt 30-36 Ve 44 Watt G\u00fc\u00e7 - IP 68 \u00d6zellikli - Y\u00fcksek \u0130letkenli Al\u00fcminyum Pcb - Ak\u0131m Kontrol \u00dcniteli - 90 Ve 108 Adet Samsung Smd Led - Ekten Su Almaya Kar\u015f\u0131 \u0130la\u00e7 Kullanarak S\u0131zd\u0131rmazl\u0131k Sa\u011flanm\u0131\u015ft\u0131r. - 2,4 Ve 5 Kablo Rgb Se\u00e7ene\u011fi - 2 Mt Kablo Uzunlu\u011fu - Vida Aksam\u0131 316 Paslanmaz\" \/>\n<meta property=\"og:url\" content=\"https:\/\/skypoolelektronik.com\/urun\/slim-flat-275-cm-cap-33-mm-yukseklik\/\" \/>\n<meta property=\"og:site_name\" content=\"Skypool Elektronik\" \/>\n<meta property=\"article:modified_time\" content=\"2025-02-10T13:14:53+00:00\" \/>\n<meta property=\"og:image\" content=\"https:\/\/skypoolelektronik.com\/wp-content\/uploads\/2022\/12\/slim-flat-3.jpg\" \/>\n\t<meta property=\"og:image:width\" content=\"750\" \/>\n\t<meta property=\"og:image:height\" content=\"750\" \/>\n\t<meta property=\"og:image:type\" content=\"image\/jpeg\" \/>\n<meta name=\"twitter:card\" content=\"summary_large_image\" \/>\n<script type=\"application\/ld+json\" class=\"yoast-schema-graph\">{\"@context\":\"https:\/\/schema.org\",\"@graph\":[{\"@type\":\"WebPage\",\"@id\":\"https:\/\/skypoolelektronik.com\/urun\/slim-flat-275-cm-cap-33-mm-yukseklik\/\",\"url\":\"https:\/\/skypoolelektronik.com\/urun\/slim-flat-275-cm-cap-33-mm-yukseklik\/\",\"name\":\"SS Slim Flat (SIVA \u00dcST\u00dc)(27,5 cm \u00c7ap 33 mm Y\u00fckseklik) - Skypool Elektronik\",\"isPartOf\":{\"@id\":\"https:\/\/skypoolelektronik.com\/#website\"},\"primaryImageOfPage\":{\"@id\":\"https:\/\/skypoolelektronik.com\/urun\/slim-flat-275-cm-cap-33-mm-yukseklik\/#primaryimage\"},\"image\":{\"@id\":\"https:\/\/skypoolelektronik.com\/urun\/slim-flat-275-cm-cap-33-mm-yukseklik\/#primaryimage\"},\"thumbnailUrl\":\"https:\/\/skypoolelektronik.com\/wp-content\/uploads\/skypool-ss-slimflat-v2.2.png\",\"datePublished\":\"2022-12-27T09:16:01+00:00\",\"dateModified\":\"2025-02-10T13:14:53+00:00\",\"breadcrumb\":{\"@id\":\"https:\/\/skypoolelektronik.com\/urun\/slim-flat-275-cm-cap-33-mm-yukseklik\/#breadcrumb\"},\"inLanguage\":\"en-US\",\"potentialAction\":[{\"@type\":\"ReadAction\",\"target\":[\"https:\/\/skypoolelektronik.com\/urun\/slim-flat-275-cm-cap-33-mm-yukseklik\/\"]}]},{\"@type\":\"ImageObject\",\"inLanguage\":\"en-US\",\"@id\":\"https:\/\/skypoolelektronik.com\/urun\/slim-flat-275-cm-cap-33-mm-yukseklik\/#primaryimage\",\"url\":\"https:\/\/skypoolelektronik.com\/wp-content\/uploads\/skypool-ss-slimflat-v2.2.png\",\"contentUrl\":\"https:\/\/skypoolelektronik.com\/wp-content\/uploads\/skypool-ss-slimflat-v2.2.png\",\"width\":750,\"height\":750},{\"@type\":\"BreadcrumbList\",\"@id\":\"https:\/\/skypoolelektronik.com\/urun\/slim-flat-275-cm-cap-33-mm-yukseklik\/#breadcrumb\",\"itemListElement\":[{\"@type\":\"ListItem\",\"position\":1,\"name\":\"Home\",\"item\":\"https:\/\/skypoolelektronik.com\/en\/\"},{\"@type\":\"ListItem\",\"position\":2,\"name\":\"\u00dcr\u00fcnler\",\"item\":\"https:\/\/skypoolelektronik.com\/urunler\/\"},{\"@type\":\"ListItem\",\"position\":3,\"name\":\"Slim Flat (27,5 cm \u00c7ap 33 mm Y\u00fckseklik)\"}]},{\"@type\":\"WebSite\",\"@id\":\"https:\/\/skypoolelektronik.com\/#website\",\"url\":\"https:\/\/skypoolelektronik.com\/\",\"name\":\"Skypool Elektronik\",\"description\":\"\",\"potentialAction\":[{\"@type\":\"SearchAction\",\"target\":{\"@type\":\"EntryPoint\",\"urlTemplate\":\"https:\/\/skypoolelektronik.com\/?s={search_term_string}\"},\"query-input\":{\"@type\":\"PropertyValueSpecification\",\"valueRequired\":true,\"valueName\":\"search_term_string\"}}],\"inLanguage\":\"en-US\"}]}<\/script>\n<!-- \/ Yoast SEO Premium plugin. -->","yoast_head_json":{"title":"SS Slim Flat (SIVA \u00dcST\u00dc)(27,5 cm \u00c7ap 33 mm Y\u00fckseklik) - Skypool Elektronik","robots":{"index":"index","follow":"follow","max-snippet":"max-snippet:-1","max-image-preview":"max-image-preview:large","max-video-preview":"max-video-preview:-1"},"canonical":"https:\/\/skypoolelektronik.com\/urun\/slim-flat-275-cm-cap-33-mm-yukseklik\/","og_locale":"en_US","og_type":"article","og_title":"SS Slim Flat (SIVA \u00dcST\u00dc)(27,5 cm \u00c7ap 33 mm Y\u00fckseklik)","og_description":"TEKN\u0130K B\u0130LG\u0130LER - 12 Volt 30-36 Ve 44 Watt G\u00fc\u00e7 - IP 68 \u00d6zellikli - Y\u00fcksek \u0130letkenli Al\u00fcminyum Pcb - Ak\u0131m Kontrol \u00dcniteli - 90 Ve 108 Adet Samsung Smd Led - Ekten Su Almaya Kar\u015f\u0131 \u0130la\u00e7 Kullanarak S\u0131zd\u0131rmazl\u0131k Sa\u011flanm\u0131\u015ft\u0131r. - 2,4 Ve 5 Kablo Rgb Se\u00e7ene\u011fi - 2 Mt Kablo Uzunlu\u011fu - Vida Aksam\u0131 316 Paslanmaz","og_url":"https:\/\/skypoolelektronik.com\/urun\/slim-flat-275-cm-cap-33-mm-yukseklik\/","og_site_name":"Skypool Elektronik","article_modified_time":"2025-02-10T13:14:53+00:00","og_image":[{"width":750,"height":750,"url":"https:\/\/skypoolelektronik.com\/wp-content\/uploads\/2022\/12\/slim-flat-3.jpg","type":"image\/jpeg"}],"twitter_card":"summary_large_image","schema":{"@context":"https:\/\/schema.org","@graph":[{"@type":"WebPage","@id":"https:\/\/skypoolelektronik.com\/urun\/slim-flat-275-cm-cap-33-mm-yukseklik\/","url":"https:\/\/skypoolelektronik.com\/urun\/slim-flat-275-cm-cap-33-mm-yukseklik\/","name":"SS Slim Flat (SIVA \u00dcST\u00dc)(27,5 cm \u00c7ap 33 mm Y\u00fckseklik) - Skypool Elektronik","isPartOf":{"@id":"https:\/\/skypoolelektronik.com\/#website"},"primaryImageOfPage":{"@id":"https:\/\/skypoolelektronik.com\/urun\/slim-flat-275-cm-cap-33-mm-yukseklik\/#primaryimage"},"image":{"@id":"https:\/\/skypoolelektronik.com\/urun\/slim-flat-275-cm-cap-33-mm-yukseklik\/#primaryimage"},"thumbnailUrl":"https:\/\/skypoolelektronik.com\/wp-content\/uploads\/skypool-ss-slimflat-v2.2.png","datePublished":"2022-12-27T09:16:01+00:00","dateModified":"2025-02-10T13:14:53+00:00","breadcrumb":{"@id":"https:\/\/skypoolelektronik.com\/urun\/slim-flat-275-cm-cap-33-mm-yukseklik\/#breadcrumb"},"inLanguage":"en-US","potentialAction":[{"@type":"ReadAction","target":["https:\/\/skypoolelektronik.com\/urun\/slim-flat-275-cm-cap-33-mm-yukseklik\/"]}]},{"@type":"ImageObject","inLanguage":"en-US","@id":"https:\/\/skypoolelektronik.com\/urun\/slim-flat-275-cm-cap-33-mm-yukseklik\/#primaryimage","url":"https:\/\/skypoolelektronik.com\/wp-content\/uploads\/skypool-ss-slimflat-v2.2.png","contentUrl":"https:\/\/skypoolelektronik.com\/wp-content\/uploads\/skypool-ss-slimflat-v2.2.png","width":750,"height":750},{"@type":"BreadcrumbList","@id":"https:\/\/skypoolelektronik.com\/urun\/slim-flat-275-cm-cap-33-mm-yukseklik\/#breadcrumb","itemListElement":[{"@type":"ListItem","position":1,"name":"Home","item":"https:\/\/skypoolelektronik.com\/en\/"},{"@type":"ListItem","position":2,"name":"\u00dcr\u00fcnler","item":"https:\/\/skypoolelektronik.com\/urunler\/"},{"@type":"ListItem","position":3,"name":"Slim Flat (27,5 cm \u00c7ap 33 mm Y\u00fckseklik)"}]},{"@type":"WebSite","@id":"https:\/\/skypoolelektronik.com\/#website","url":"https:\/\/skypoolelektronik.com\/","name":"Skypool Elektronik","description":"","potentialAction":[{"@type":"SearchAction","target":{"@type":"EntryPoint","urlTemplate":"https:\/\/skypoolelektronik.com\/?s={search_term_string}"},"query-input":{"@type":"PropertyValueSpecification","valueRequired":true,"valueName":"search_term_string"}}],"inLanguage":"en-US"}]}},"_links":{"self":[{"href":"https:\/\/skypoolelektronik.com\/en\/wp-json\/wp\/v2\/product\/109","targetHints":{"allow":["GET"]}}],"collection":[{"href":"https:\/\/skypoolelektronik.com\/en\/wp-json\/wp\/v2\/product"}],"about":[{"href":"https:\/\/skypoolelektronik.com\/en\/wp-json\/wp\/v2\/types\/product"}],"wp:featuredmedia":[{"embeddable":true,"href":"https:\/\/skypoolelektronik.com\/en\/wp-json\/wp\/v2\/media\/876"}],"wp:attachment":[{"href":"https:\/\/skypoolelektronik.com\/en\/wp-json\/wp\/v2\/media?parent=109"}],"wp:term":[{"taxonomy":"product_brand","embeddable":true,"href":"https:\/\/skypoolelektronik.com\/en\/wp-json\/wp\/v2\/product_brand?post=109"},{"taxonomy":"product_cat","embeddable":true,"href":"https:\/\/skypoolelektronik.com\/en\/wp-json\/wp\/v2\/product_cat?post=109"},{"taxonomy":"product_tag","embeddable":true,"href":"https:\/\/skypoolelektronik.com\/en\/wp-json\/wp\/v2\/product_tag?post=109"}],"curies":[{"name":"wp","href":"https:\/\/api.w.org\/{rel}","templated":true}]}}