{"id":102,"date":"2022-12-27T08:54:37","date_gmt":"2022-12-27T08:54:37","guid":{"rendered":"https:\/\/skypoolelektronik.com\/ek\/?post_type=product&#038;p=102"},"modified":"2025-02-10T13:52:10","modified_gmt":"2025-02-10T10:52:10","slug":"par-56-ampul","status":"publish","type":"product","link":"https:\/\/skypoolelektronik.com\/en\/urun\/par-56-ampul\/","title":{"rendered":"Par 56 Ampul"},"content":{"rendered":"","protected":false},"excerpt":{"rendered":"<p style=\"text-align: left;\"><strong>TEKN\u0130K B\u0130LG\u0130LER<\/strong><\/p>\n<p style=\"text-align: left;\">&#8211; AC-DC 12 Volt<br \/>\n&#8211; IP68 \u00d6zellikli<br \/>\n&#8211; 30-36 ve 44 Watt Se\u00e7ene\u011fi<br \/>\n&#8211; Y\u00fcksek \u0130letkenli Al\u00fcminyum PCB<br \/>\n&#8211; Y\u00fcksek Verimli SMD Led \u0130le %90 Enerji Tasarrufu<br \/>\n&#8211; 90 ve 108 Adet (Samsung Led)<\/p>\n<p style=\"text-align: left;\"><strong>AKIM KONTROL DEVREL\u0130<\/strong><\/p>\n<p style=\"text-align: left;\">&#8211; 2 ve 4 Kablo RGB Se\u00e7ene\u011fi<br \/>\n&#8211; Orjinal UV ve Antioksidant Katk\u0131l\u0131,<br \/>\n&#8211; Darbeye Dayan\u0131kl\u0131 Uzun \u00d6m\u00fcrl\u00fc Malzemeden \u00dcretilmi\u015ftir.<\/p>\n","protected":false},"featured_media":865,"template":"","meta":{"_joinchat":[]},"product_brand":[],"product_cat":[17],"product_tag":[],"class_list":{"0":"post-102","1":"product","2":"type-product","3":"status-publish","4":"has-post-thumbnail","6":"product_cat-havuz-aydinlatmalari","8":"first","9":"instock","10":"shipping-taxable","11":"product-type-simple"},"yoast_head":"<!-- This site is optimized with the Yoast SEO Premium plugin v25.2 (Yoast SEO v26.6) - https:\/\/yoast.com\/wordpress\/plugins\/seo\/ -->\n<title>Par 56 Ampul - Skypool Elektronik<\/title>\n<meta name=\"robots\" content=\"index, follow, max-snippet:-1, max-image-preview:large, max-video-preview:-1\" \/>\n<link rel=\"canonical\" href=\"https:\/\/skypoolelektronik.com\/urun\/par-56-ampul\/\" \/>\n<meta property=\"og:locale\" content=\"en_US\" \/>\n<meta property=\"og:type\" content=\"article\" \/>\n<meta property=\"og:title\" content=\"Par 56 Ampul\" \/>\n<meta property=\"og:description\" content=\"TEKN\u0130K B\u0130LG\u0130LER - AC-DC 12 Volt - IP68 \u00d6zellikli - 30-36 ve 44 Watt Se\u00e7ene\u011fi - Y\u00fcksek \u0130letkenli Al\u00fcminyum PCB - Y\u00fcksek Verimli SMD Led \u0130le %90 Enerji Tasarrufu - 90 ve 108 Adet (Samsung Led) AKIM KONTROL DEVREL\u0130 - 2 ve 4 Kablo RGB Se\u00e7ene\u011fi - Orjinal UV ve Antioksidant Katk\u0131l\u0131, - Darbeye Dayan\u0131kl\u0131 Uzun \u00d6m\u00fcrl\u00fc Malzemeden \u00dcretilmi\u015ftir.\" \/>\n<meta property=\"og:url\" content=\"https:\/\/skypoolelektronik.com\/urun\/par-56-ampul\/\" \/>\n<meta property=\"og:site_name\" content=\"Skypool Elektronik\" \/>\n<meta property=\"article:modified_time\" content=\"2025-02-10T10:52:10+00:00\" \/>\n<meta property=\"og:image\" content=\"https:\/\/skypoolelektronik.com\/wp-content\/uploads\/2022\/12\/sky-par-56.jpg\" \/>\n\t<meta property=\"og:image:width\" content=\"750\" \/>\n\t<meta property=\"og:image:height\" content=\"750\" \/>\n\t<meta property=\"og:image:type\" content=\"image\/jpeg\" \/>\n<meta name=\"twitter:card\" content=\"summary_large_image\" \/>\n<script type=\"application\/ld+json\" class=\"yoast-schema-graph\">{\"@context\":\"https:\/\/schema.org\",\"@graph\":[{\"@type\":\"WebPage\",\"@id\":\"https:\/\/skypoolelektronik.com\/urun\/par-56-ampul\/\",\"url\":\"https:\/\/skypoolelektronik.com\/urun\/par-56-ampul\/\",\"name\":\"Par 56 Ampul - Skypool Elektronik\",\"isPartOf\":{\"@id\":\"https:\/\/skypoolelektronik.com\/#website\"},\"primaryImageOfPage\":{\"@id\":\"https:\/\/skypoolelektronik.com\/urun\/par-56-ampul\/#primaryimage\"},\"image\":{\"@id\":\"https:\/\/skypoolelektronik.com\/urun\/par-56-ampul\/#primaryimage\"},\"thumbnailUrl\":\"https:\/\/skypoolelektronik.com\/wp-content\/uploads\/skypool-par56-ampul-v2.png\",\"datePublished\":\"2022-12-27T08:54:37+00:00\",\"dateModified\":\"2025-02-10T10:52:10+00:00\",\"breadcrumb\":{\"@id\":\"https:\/\/skypoolelektronik.com\/urun\/par-56-ampul\/#breadcrumb\"},\"inLanguage\":\"en-US\",\"potentialAction\":[{\"@type\":\"ReadAction\",\"target\":[\"https:\/\/skypoolelektronik.com\/urun\/par-56-ampul\/\"]}]},{\"@type\":\"ImageObject\",\"inLanguage\":\"en-US\",\"@id\":\"https:\/\/skypoolelektronik.com\/urun\/par-56-ampul\/#primaryimage\",\"url\":\"https:\/\/skypoolelektronik.com\/wp-content\/uploads\/skypool-par56-ampul-v2.png\",\"contentUrl\":\"https:\/\/skypoolelektronik.com\/wp-content\/uploads\/skypool-par56-ampul-v2.png\",\"width\":750,\"height\":750},{\"@type\":\"BreadcrumbList\",\"@id\":\"https:\/\/skypoolelektronik.com\/urun\/par-56-ampul\/#breadcrumb\",\"itemListElement\":[{\"@type\":\"ListItem\",\"position\":1,\"name\":\"Home\",\"item\":\"https:\/\/skypoolelektronik.com\/en\/\"},{\"@type\":\"ListItem\",\"position\":2,\"name\":\"\u00dcr\u00fcnler\",\"item\":\"https:\/\/skypoolelektronik.com\/urunler\/\"},{\"@type\":\"ListItem\",\"position\":3,\"name\":\"Par 56 Ampul\"}]},{\"@type\":\"WebSite\",\"@id\":\"https:\/\/skypoolelektronik.com\/#website\",\"url\":\"https:\/\/skypoolelektronik.com\/\",\"name\":\"Skypool Elektronik\",\"description\":\"\",\"potentialAction\":[{\"@type\":\"SearchAction\",\"target\":{\"@type\":\"EntryPoint\",\"urlTemplate\":\"https:\/\/skypoolelektronik.com\/?s={search_term_string}\"},\"query-input\":{\"@type\":\"PropertyValueSpecification\",\"valueRequired\":true,\"valueName\":\"search_term_string\"}}],\"inLanguage\":\"en-US\"}]}<\/script>\n<!-- \/ Yoast SEO Premium plugin. -->","yoast_head_json":{"title":"Par 56 Ampul - Skypool Elektronik","robots":{"index":"index","follow":"follow","max-snippet":"max-snippet:-1","max-image-preview":"max-image-preview:large","max-video-preview":"max-video-preview:-1"},"canonical":"https:\/\/skypoolelektronik.com\/urun\/par-56-ampul\/","og_locale":"en_US","og_type":"article","og_title":"Par 56 Ampul","og_description":"TEKN\u0130K B\u0130LG\u0130LER - AC-DC 12 Volt - IP68 \u00d6zellikli - 30-36 ve 44 Watt Se\u00e7ene\u011fi - Y\u00fcksek \u0130letkenli Al\u00fcminyum PCB - Y\u00fcksek Verimli SMD Led \u0130le %90 Enerji Tasarrufu - 90 ve 108 Adet (Samsung Led) AKIM KONTROL DEVREL\u0130 - 2 ve 4 Kablo RGB Se\u00e7ene\u011fi - Orjinal UV ve Antioksidant Katk\u0131l\u0131, - Darbeye Dayan\u0131kl\u0131 Uzun \u00d6m\u00fcrl\u00fc Malzemeden \u00dcretilmi\u015ftir.","og_url":"https:\/\/skypoolelektronik.com\/urun\/par-56-ampul\/","og_site_name":"Skypool Elektronik","article_modified_time":"2025-02-10T10:52:10+00:00","og_image":[{"width":750,"height":750,"url":"https:\/\/skypoolelektronik.com\/wp-content\/uploads\/2022\/12\/sky-par-56.jpg","type":"image\/jpeg"}],"twitter_card":"summary_large_image","schema":{"@context":"https:\/\/schema.org","@graph":[{"@type":"WebPage","@id":"https:\/\/skypoolelektronik.com\/urun\/par-56-ampul\/","url":"https:\/\/skypoolelektronik.com\/urun\/par-56-ampul\/","name":"Par 56 Ampul - Skypool Elektronik","isPartOf":{"@id":"https:\/\/skypoolelektronik.com\/#website"},"primaryImageOfPage":{"@id":"https:\/\/skypoolelektronik.com\/urun\/par-56-ampul\/#primaryimage"},"image":{"@id":"https:\/\/skypoolelektronik.com\/urun\/par-56-ampul\/#primaryimage"},"thumbnailUrl":"https:\/\/skypoolelektronik.com\/wp-content\/uploads\/skypool-par56-ampul-v2.png","datePublished":"2022-12-27T08:54:37+00:00","dateModified":"2025-02-10T10:52:10+00:00","breadcrumb":{"@id":"https:\/\/skypoolelektronik.com\/urun\/par-56-ampul\/#breadcrumb"},"inLanguage":"en-US","potentialAction":[{"@type":"ReadAction","target":["https:\/\/skypoolelektronik.com\/urun\/par-56-ampul\/"]}]},{"@type":"ImageObject","inLanguage":"en-US","@id":"https:\/\/skypoolelektronik.com\/urun\/par-56-ampul\/#primaryimage","url":"https:\/\/skypoolelektronik.com\/wp-content\/uploads\/skypool-par56-ampul-v2.png","contentUrl":"https:\/\/skypoolelektronik.com\/wp-content\/uploads\/skypool-par56-ampul-v2.png","width":750,"height":750},{"@type":"BreadcrumbList","@id":"https:\/\/skypoolelektronik.com\/urun\/par-56-ampul\/#breadcrumb","itemListElement":[{"@type":"ListItem","position":1,"name":"Home","item":"https:\/\/skypoolelektronik.com\/en\/"},{"@type":"ListItem","position":2,"name":"\u00dcr\u00fcnler","item":"https:\/\/skypoolelektronik.com\/urunler\/"},{"@type":"ListItem","position":3,"name":"Par 56 Ampul"}]},{"@type":"WebSite","@id":"https:\/\/skypoolelektronik.com\/#website","url":"https:\/\/skypoolelektronik.com\/","name":"Skypool Elektronik","description":"","potentialAction":[{"@type":"SearchAction","target":{"@type":"EntryPoint","urlTemplate":"https:\/\/skypoolelektronik.com\/?s={search_term_string}"},"query-input":{"@type":"PropertyValueSpecification","valueRequired":true,"valueName":"search_term_string"}}],"inLanguage":"en-US"}]}},"_links":{"self":[{"href":"https:\/\/skypoolelektronik.com\/en\/wp-json\/wp\/v2\/product\/102","targetHints":{"allow":["GET"]}}],"collection":[{"href":"https:\/\/skypoolelektronik.com\/en\/wp-json\/wp\/v2\/product"}],"about":[{"href":"https:\/\/skypoolelektronik.com\/en\/wp-json\/wp\/v2\/types\/product"}],"wp:featuredmedia":[{"embeddable":true,"href":"https:\/\/skypoolelektronik.com\/en\/wp-json\/wp\/v2\/media\/865"}],"wp:attachment":[{"href":"https:\/\/skypoolelektronik.com\/en\/wp-json\/wp\/v2\/media?parent=102"}],"wp:term":[{"taxonomy":"product_brand","embeddable":true,"href":"https:\/\/skypoolelektronik.com\/en\/wp-json\/wp\/v2\/product_brand?post=102"},{"taxonomy":"product_cat","embeddable":true,"href":"https:\/\/skypoolelektronik.com\/en\/wp-json\/wp\/v2\/product_cat?post=102"},{"taxonomy":"product_tag","embeddable":true,"href":"https:\/\/skypoolelektronik.com\/en\/wp-json\/wp\/v2\/product_tag?post=102"}],"curies":[{"name":"wp","href":"https:\/\/api.w.org\/{rel}","templated":true}]}}