{"id":1011,"date":"2023-12-01T16:43:17","date_gmt":"2023-12-01T13:43:17","guid":{"rendered":"https:\/\/skypoolelektronik.com\/?post_type=product&#038;p=1011"},"modified":"2025-02-20T17:36:29","modified_gmt":"2025-02-20T14:36:29","slug":"makine-dairesi-kapagi","status":"publish","type":"product","link":"https:\/\/skypoolelektronik.com\/en\/urun\/makine-dairesi-kapagi\/","title":{"rendered":"Makine Dairesi Kapa\u011f\u0131"},"content":{"rendered":"","protected":false},"excerpt":{"rendered":"\n<table id=\"tablepress-112\" class=\"tablepress tablepress-id-112\">\n<thead>\n<tr class=\"row-1\">\n\t<th class=\"column-1\">KOD<\/th><th class=\"column-2\">\u00dcR\u00dcN\/PRODUCT<\/th>\n<\/tr>\n<\/thead>\n<tbody class=\"row-striping row-hover\">\n<tr class=\"row-2\">\n\t<td class=\"column-1\">SKY473<\/td><td class=\"column-2\">50X50 MAK\u0130NE DA\u0130RE KAPA\u011eI<\/td>\n<\/tr>\n<tr class=\"row-3\">\n\t<td class=\"column-1\">SKY474<\/td><td class=\"column-2\">60X60 MAK\u0130NE DA\u0130RE KAPA\u011eI<\/td>\n<\/tr>\n<tr class=\"row-4\">\n\t<td class=\"column-1\">SKY475<\/td><td class=\"column-2\">70X70 MAK\u0130NE DA\u0130RE KAPA\u011eI<\/td>\n<\/tr>\n<tr class=\"row-5\">\n\t<td class=\"column-1\">SKY476<\/td><td class=\"column-2\">90X90 MAK\u0130NE DA\u0130RE KAPA\u011eI<\/td>\n<\/tr>\n<tr class=\"row-6\">\n\t<td class=\"column-1\">SKY477<\/td><td class=\"column-2\">100X100 MAK\u0130NE DA\u0130RE KAPA\u011eI<\/td>\n<\/tr>\n<\/tbody>\n<\/table>\n\n","protected":false},"featured_media":1018,"template":"","meta":{"_joinchat":[]},"product_brand":[],"product_cat":[25],"product_tag":[],"class_list":{"0":"post-1011","1":"product","2":"type-product","3":"status-publish","4":"has-post-thumbnail","6":"product_cat-havuz-bakim-ekipmanlari","8":"first","9":"instock","10":"shipping-taxable","11":"product-type-simple"},"yoast_head":"<!-- This site is optimized with the Yoast SEO Premium plugin v25.2 (Yoast SEO v26.6) - https:\/\/yoast.com\/wordpress\/plugins\/seo\/ -->\n<title>Makine Dairesi Kapa\u011f\u0131 - Skypool Elektronik<\/title>\n<meta name=\"robots\" content=\"index, follow, max-snippet:-1, max-image-preview:large, max-video-preview:-1\" \/>\n<link rel=\"canonical\" href=\"https:\/\/skypoolelektronik.com\/urun\/makine-dairesi-kapagi\/\" \/>\n<meta property=\"og:locale\" content=\"en_US\" \/>\n<meta property=\"og:type\" content=\"article\" \/>\n<meta property=\"og:title\" content=\"Makine Dairesi Kapa\u011f\u0131\" \/>\n<meta property=\"og:url\" content=\"https:\/\/skypoolelektronik.com\/urun\/makine-dairesi-kapagi\/\" \/>\n<meta property=\"og:site_name\" content=\"Skypool Elektronik\" \/>\n<meta property=\"article:modified_time\" content=\"2025-02-20T14:36:29+00:00\" \/>\n<meta property=\"og:image\" content=\"https:\/\/skypoolelektronik.com\/wp-content\/uploads\/skypool-makine-dairesi-kapagi.png\" \/>\n\t<meta property=\"og:image:width\" content=\"750\" \/>\n\t<meta property=\"og:image:height\" content=\"750\" \/>\n\t<meta property=\"og:image:type\" content=\"image\/png\" \/>\n<meta name=\"twitter:card\" content=\"summary_large_image\" \/>\n<meta name=\"twitter:description\" content=\"[table id=112 \/]\" \/>\n<script type=\"application\/ld+json\" class=\"yoast-schema-graph\">{\"@context\":\"https:\/\/schema.org\",\"@graph\":[{\"@type\":\"WebPage\",\"@id\":\"https:\/\/skypoolelektronik.com\/urun\/makine-dairesi-kapagi\/\",\"url\":\"https:\/\/skypoolelektronik.com\/urun\/makine-dairesi-kapagi\/\",\"name\":\"Makine Dairesi Kapa\u011f\u0131 - Skypool Elektronik\",\"isPartOf\":{\"@id\":\"https:\/\/skypoolelektronik.com\/#website\"},\"primaryImageOfPage\":{\"@id\":\"https:\/\/skypoolelektronik.com\/urun\/makine-dairesi-kapagi\/#primaryimage\"},\"image\":{\"@id\":\"https:\/\/skypoolelektronik.com\/urun\/makine-dairesi-kapagi\/#primaryimage\"},\"thumbnailUrl\":\"https:\/\/skypoolelektronik.com\/wp-content\/uploads\/skypool-makine-dairesi-kapagi.png\",\"datePublished\":\"2023-12-01T13:43:17+00:00\",\"dateModified\":\"2025-02-20T14:36:29+00:00\",\"breadcrumb\":{\"@id\":\"https:\/\/skypoolelektronik.com\/urun\/makine-dairesi-kapagi\/#breadcrumb\"},\"inLanguage\":\"en-US\",\"potentialAction\":[{\"@type\":\"ReadAction\",\"target\":[\"https:\/\/skypoolelektronik.com\/urun\/makine-dairesi-kapagi\/\"]}]},{\"@type\":\"ImageObject\",\"inLanguage\":\"en-US\",\"@id\":\"https:\/\/skypoolelektronik.com\/urun\/makine-dairesi-kapagi\/#primaryimage\",\"url\":\"https:\/\/skypoolelektronik.com\/wp-content\/uploads\/skypool-makine-dairesi-kapagi.png\",\"contentUrl\":\"https:\/\/skypoolelektronik.com\/wp-content\/uploads\/skypool-makine-dairesi-kapagi.png\",\"width\":750,\"height\":750},{\"@type\":\"BreadcrumbList\",\"@id\":\"https:\/\/skypoolelektronik.com\/urun\/makine-dairesi-kapagi\/#breadcrumb\",\"itemListElement\":[{\"@type\":\"ListItem\",\"position\":1,\"name\":\"Home\",\"item\":\"https:\/\/skypoolelektronik.com\/en\/\"},{\"@type\":\"ListItem\",\"position\":2,\"name\":\"\u00dcr\u00fcnler\",\"item\":\"https:\/\/skypoolelektronik.com\/urunler\/\"},{\"@type\":\"ListItem\",\"position\":3,\"name\":\"Makine Dairesi Kapa\u011f\u0131\"}]},{\"@type\":\"WebSite\",\"@id\":\"https:\/\/skypoolelektronik.com\/#website\",\"url\":\"https:\/\/skypoolelektronik.com\/\",\"name\":\"Skypool Elektronik\",\"description\":\"\",\"potentialAction\":[{\"@type\":\"SearchAction\",\"target\":{\"@type\":\"EntryPoint\",\"urlTemplate\":\"https:\/\/skypoolelektronik.com\/?s={search_term_string}\"},\"query-input\":{\"@type\":\"PropertyValueSpecification\",\"valueRequired\":true,\"valueName\":\"search_term_string\"}}],\"inLanguage\":\"en-US\"}]}<\/script>\n<!-- \/ Yoast SEO Premium plugin. -->","yoast_head_json":{"title":"Makine Dairesi Kapa\u011f\u0131 - Skypool Elektronik","robots":{"index":"index","follow":"follow","max-snippet":"max-snippet:-1","max-image-preview":"max-image-preview:large","max-video-preview":"max-video-preview:-1"},"canonical":"https:\/\/skypoolelektronik.com\/urun\/makine-dairesi-kapagi\/","og_locale":"en_US","og_type":"article","og_title":"Makine Dairesi Kapa\u011f\u0131","og_url":"https:\/\/skypoolelektronik.com\/urun\/makine-dairesi-kapagi\/","og_site_name":"Skypool Elektronik","article_modified_time":"2025-02-20T14:36:29+00:00","og_image":[{"width":750,"height":750,"url":"https:\/\/skypoolelektronik.com\/wp-content\/uploads\/skypool-makine-dairesi-kapagi.png","type":"image\/png"}],"twitter_card":"summary_large_image","twitter_description":"[table id=112 \/]","schema":{"@context":"https:\/\/schema.org","@graph":[{"@type":"WebPage","@id":"https:\/\/skypoolelektronik.com\/urun\/makine-dairesi-kapagi\/","url":"https:\/\/skypoolelektronik.com\/urun\/makine-dairesi-kapagi\/","name":"Makine Dairesi Kapa\u011f\u0131 - Skypool Elektronik","isPartOf":{"@id":"https:\/\/skypoolelektronik.com\/#website"},"primaryImageOfPage":{"@id":"https:\/\/skypoolelektronik.com\/urun\/makine-dairesi-kapagi\/#primaryimage"},"image":{"@id":"https:\/\/skypoolelektronik.com\/urun\/makine-dairesi-kapagi\/#primaryimage"},"thumbnailUrl":"https:\/\/skypoolelektronik.com\/wp-content\/uploads\/skypool-makine-dairesi-kapagi.png","datePublished":"2023-12-01T13:43:17+00:00","dateModified":"2025-02-20T14:36:29+00:00","breadcrumb":{"@id":"https:\/\/skypoolelektronik.com\/urun\/makine-dairesi-kapagi\/#breadcrumb"},"inLanguage":"en-US","potentialAction":[{"@type":"ReadAction","target":["https:\/\/skypoolelektronik.com\/urun\/makine-dairesi-kapagi\/"]}]},{"@type":"ImageObject","inLanguage":"en-US","@id":"https:\/\/skypoolelektronik.com\/urun\/makine-dairesi-kapagi\/#primaryimage","url":"https:\/\/skypoolelektronik.com\/wp-content\/uploads\/skypool-makine-dairesi-kapagi.png","contentUrl":"https:\/\/skypoolelektronik.com\/wp-content\/uploads\/skypool-makine-dairesi-kapagi.png","width":750,"height":750},{"@type":"BreadcrumbList","@id":"https:\/\/skypoolelektronik.com\/urun\/makine-dairesi-kapagi\/#breadcrumb","itemListElement":[{"@type":"ListItem","position":1,"name":"Home","item":"https:\/\/skypoolelektronik.com\/en\/"},{"@type":"ListItem","position":2,"name":"\u00dcr\u00fcnler","item":"https:\/\/skypoolelektronik.com\/urunler\/"},{"@type":"ListItem","position":3,"name":"Makine Dairesi Kapa\u011f\u0131"}]},{"@type":"WebSite","@id":"https:\/\/skypoolelektronik.com\/#website","url":"https:\/\/skypoolelektronik.com\/","name":"Skypool Elektronik","description":"","potentialAction":[{"@type":"SearchAction","target":{"@type":"EntryPoint","urlTemplate":"https:\/\/skypoolelektronik.com\/?s={search_term_string}"},"query-input":{"@type":"PropertyValueSpecification","valueRequired":true,"valueName":"search_term_string"}}],"inLanguage":"en-US"}]}},"_links":{"self":[{"href":"https:\/\/skypoolelektronik.com\/en\/wp-json\/wp\/v2\/product\/1011","targetHints":{"allow":["GET"]}}],"collection":[{"href":"https:\/\/skypoolelektronik.com\/en\/wp-json\/wp\/v2\/product"}],"about":[{"href":"https:\/\/skypoolelektronik.com\/en\/wp-json\/wp\/v2\/types\/product"}],"wp:featuredmedia":[{"embeddable":true,"href":"https:\/\/skypoolelektronik.com\/en\/wp-json\/wp\/v2\/media\/1018"}],"wp:attachment":[{"href":"https:\/\/skypoolelektronik.com\/en\/wp-json\/wp\/v2\/media?parent=1011"}],"wp:term":[{"taxonomy":"product_brand","embeddable":true,"href":"https:\/\/skypoolelektronik.com\/en\/wp-json\/wp\/v2\/product_brand?post=1011"},{"taxonomy":"product_cat","embeddable":true,"href":"https:\/\/skypoolelektronik.com\/en\/wp-json\/wp\/v2\/product_cat?post=1011"},{"taxonomy":"product_tag","embeddable":true,"href":"https:\/\/skypoolelektronik.com\/en\/wp-json\/wp\/v2\/product_tag?post=1011"}],"curies":[{"name":"wp","href":"https:\/\/api.w.org\/{rel}","templated":true}]}}